{"id":16,"date":"2017-11-28T15:17:19","date_gmt":"2017-11-28T14:17:19","guid":{"rendered":"http:\/\/demo08.cs-webdesign.dk\/?page_id=16"},"modified":"2021-03-01T16:14:09","modified_gmt":"2021-03-01T15:14:09","slug":"hjem","status":"publish","type":"page","link":"https:\/\/cs-ejendomme.cph-eu.dk\/","title":{"rendered":"En Total L\u00f8sning"},"content":{"rendered":"<h2><em><strong>CS-ejendomme tilbyder en total ejendomsservice l\u00f8sning<\/strong><\/em><\/h2>\n<p>Vi udf\u00f8rer blandt andet vinduespudsning, reng\u00f8ring, malerarbejde, st\u00f8rre renoveringer, facaderens, fjernelse af graffiti, snerydning og sm\u00e5reparationer.<\/p>\n<p>Vi p\u00e5tager os ogs\u00e5 administrative opgaver som, lejekontrakter, opkr\u00e6vning af husleje, ind og udflytning af lejem\u00e5l.<\/p>\n","protected":false},"excerpt":{"rendered":"<p>CS-ejendomme tilbyder en total ejendomsservice l\u00f8sning Vi udf\u00f8rer blandt andet vinduespudsning, reng\u00f8ring, malerarbejde, st\u00f8rre renoveringer, facaderens, fjernelse af graffiti, snerydning og sm\u00e5reparationer. Vi p\u00e5tager os ogs\u00e5 administrative opgaver som, lejekontrakter, opkr\u00e6vning af husleje, ind og udflytning af lejem\u00e5l.<\/p>\n","protected":false},"author":2,"featured_media":236,"parent":0,"menu_order":0,"comment_status":"closed","ping_status":"closed","template":"","meta":[],"_links":{"self":[{"href":"https:\/\/cs-ejendomme.cph-eu.dk\/index.php?rest_route=\/wp\/v2\/pages\/16"}],"collection":[{"href":"https:\/\/cs-ejendomme.cph-eu.dk\/index.php?rest_route=\/wp\/v2\/pages"}],"about":[{"href":"https:\/\/cs-ejendomme.cph-eu.dk\/index.php?rest_route=\/wp\/v2\/types\/page"}],"author":[{"embeddable":true,"href":"https:\/\/cs-ejendomme.cph-eu.dk\/index.php?rest_route=\/wp\/v2\/users\/2"}],"replies":[{"embeddable":true,"href":"https:\/\/cs-ejendomme.cph-eu.dk\/index.php?rest_route=%2Fwp%2Fv2%2Fcomments&post=16"}],"version-history":[{"count":11,"href":"https:\/\/cs-ejendomme.cph-eu.dk\/index.php?rest_route=\/wp\/v2\/pages\/16\/revisions"}],"predecessor-version":[{"id":235,"href":"https:\/\/cs-ejendomme.cph-eu.dk\/index.php?rest_route=\/wp\/v2\/pages\/16\/revisions\/235"}],"wp:featuredmedia":[{"embeddable":true,"href":"https:\/\/cs-ejendomme.cph-eu.dk\/index.php?rest_route=\/wp\/v2\/media\/236"}],"wp:attachment":[{"href":"https:\/\/cs-ejendomme.cph-eu.dk\/index.php?rest_route=%2Fwp%2Fv2%2Fmedia&parent=16"}],"curies":[{"name":"wp","href":"https:\/\/api.w.org\/{rel}","templated":true}]}}