{"id":17,"date":"2017-11-28T15:17:19","date_gmt":"2017-11-28T14:17:19","guid":{"rendered":"http:\/\/demo08.cs-webdesign.dk\/?page_id=17"},"modified":"2021-03-01T16:45:55","modified_gmt":"2021-03-01T15:45:55","slug":"gen_arlo_sys","status":"publish","type":"page","link":"https:\/\/cs-ejendomme.cph-eu.dk\/?page_id=17","title":{"rendered":"Kvalitet Fremfor Prisdumping"},"content":{"rendered":"<p>Vi er klar over, at vores branche tilbyder mange forskelligartede l\u00f8sninger, n\u00e5r det kommer til kvalitet, stabilitet og ikke mindst pris. Vi har for l\u00e6nge siden gjort op med prisdumpingen, da vi ikke mener man kan drive en fornuftig virksomhed, hvis man udelukkende konkurrere p\u00e5 prisen. Det giver en stresset ledelse, overbebyrdede medarbejdere og vigtigst af alt en lang r\u00e6kke kunder, der ikke er tilfredse med det arbejde, der udf\u00f8res p\u00e5 ejendommen.<\/p>\n<h4>Derfor har vi valgt at konkurrere p\u00e5 kvalitet og ikke mindst stabilitet.<br \/>\nS\u00e5 kontakt os for et uforpligtende tilbud p\u00e5 dit behov.<\/h4>\n","protected":false},"excerpt":{"rendered":"<p>Vi er klar over, at vores branche tilbyder mange forskelligartede l\u00f8sninger, n\u00e5r det kommer til kvalitet, stabilitet og ikke mindst pris. Vi har for l\u00e6nge siden gjort op med prisdumpingen, da vi ikke mener man kan drive en fornuftig virksomhed, hvis man udelukkende konkurrere p\u00e5 prisen. Det giver en stresset ledelse, overbebyrdede medarbejdere og vigtigst &hellip; <\/p>\n<p class=\"link-more\"><a href=\"https:\/\/cs-ejendomme.cph-eu.dk\/?page_id=17\" class=\"more-link\">L\u00e6s videre<span class=\"screen-reader-text\"> &#8220;Kvalitet Fremfor Prisdumping&#8221;<\/span><\/a><\/p>\n","protected":false},"author":2,"featured_media":198,"parent":0,"menu_order":0,"comment_status":"closed","ping_status":"closed","template":"","meta":[],"_links":{"self":[{"href":"https:\/\/cs-ejendomme.cph-eu.dk\/index.php?rest_route=\/wp\/v2\/pages\/17"}],"collection":[{"href":"https:\/\/cs-ejendomme.cph-eu.dk\/index.php?rest_route=\/wp\/v2\/pages"}],"about":[{"href":"https:\/\/cs-ejendomme.cph-eu.dk\/index.php?rest_route=\/wp\/v2\/types\/page"}],"author":[{"embeddable":true,"href":"https:\/\/cs-ejendomme.cph-eu.dk\/index.php?rest_route=\/wp\/v2\/users\/2"}],"replies":[{"embeddable":true,"href":"https:\/\/cs-ejendomme.cph-eu.dk\/index.php?rest_route=%2Fwp%2Fv2%2Fcomments&post=17"}],"version-history":[{"count":11,"href":"https:\/\/cs-ejendomme.cph-eu.dk\/index.php?rest_route=\/wp\/v2\/pages\/17\/revisions"}],"predecessor-version":[{"id":243,"href":"https:\/\/cs-ejendomme.cph-eu.dk\/index.php?rest_route=\/wp\/v2\/pages\/17\/revisions\/243"}],"wp:featuredmedia":[{"embeddable":true,"href":"https:\/\/cs-ejendomme.cph-eu.dk\/index.php?rest_route=\/wp\/v2\/media\/198"}],"wp:attachment":[{"href":"https:\/\/cs-ejendomme.cph-eu.dk\/index.php?rest_route=%2Fwp%2Fv2%2Fmedia&parent=17"}],"curies":[{"name":"wp","href":"https:\/\/api.w.org\/{rel}","templated":true}]}}